{"id":2240,"date":"2023-12-28T14:40:42","date_gmt":"2023-12-28T14:40:42","guid":{"rendered":"https:\/\/aivolution.knower.pt\/?page_id=2240"},"modified":"2024-11-26T11:25:45","modified_gmt":"2024-11-26T11:25:45","slug":"program","status":"publish","type":"page","link":"https:\/\/aivolution.knower.pt\/en\/program\/","title":{"rendered":"Program"},"content":{"rendered":"<div data-elementor-type=\"wp-page\" data-elementor-id=\"2240\" class=\"elementor elementor-2240\" data-elementor-settings=\"{&quot;ha_cmc_init_switcher&quot;:&quot;no&quot;}\">\n\t\t\t\t<div class=\"elementor-element elementor-element-ea10317 e-flex e-con-boxed wpr-particle-no wpr-jarallax-no wpr-parallax-no wpr-sticky-section-no wpr-equal-height-no e-con e-parent\" data-id=\"ea10317\" data-element_type=\"container\" data-e-type=\"container\" data-settings=\"{&quot;_ha_eqh_enable&quot;:false}\">\n\t\t\t\t\t<div class=\"e-con-inner\">\n\t\t\t\t<div class=\"elementor-element elementor-element-32c0d69 elementor-widget elementor-widget-heading\" data-id=\"32c0d69\" data-element_type=\"widget\" data-e-type=\"widget\" data-widget_type=\"heading.default\">\n\t\t\t\t<div class=\"elementor-widget-container\">\n\t\t\t\t\t<h2 class=\"elementor-heading-title elementor-size-default\">Impactful program? <br>Yes, with Knower Impact Meetings <\/h2>\t\t\t\t<\/div>\n\t\t\t\t<\/div>\n\t\t\t\t<div class=\"elementor-element elementor-element-6e43406 elementor-widget__width-initial elementor-widget-mobile__width-inherit elementor-widget elementor-widget-heading\" data-id=\"6e43406\" data-element_type=\"widget\" data-e-type=\"widget\" data-widget_type=\"heading.default\">\n\t\t\t\t<div class=\"elementor-widget-container\">\n\t\t\t\t\t<h2 class=\"elementor-heading-title elementor-size-default\">In May 2024 Knower brought renowned speakers and pioneers in analysing the technology of the future to the country's largest concert and events hall.\n\n<br><br>\nOn 29 May 2024 we will have internationally renowned speakers, panel discussions and practical cases where AI is already making headlines.\n\n<b>The Knower Impact Meetings - _AIV\u00d8LUT1\u00d8N_ - was the opportunity to deepen knowledge and explore the latest trends in AI.<\/b> <\/h2>\t\t\t\t<\/div>\n\t\t\t\t<\/div>\n\t\t\t\t<div class=\"elementor-element elementor-element-a55d4b9 elementor-widget elementor-widget-heading\" data-id=\"a55d4b9\" data-element_type=\"widget\" data-e-type=\"widget\" data-widget_type=\"heading.default\">\n\t\t\t\t<div class=\"elementor-widget-container\">\n\t\t\t\t\t<h2 class=\"elementor-heading-title elementor-size-default\">Ticket price includes:<\/h2>\t\t\t\t<\/div>\n\t\t\t\t<\/div>\n\t\t\t\t<div class=\"elementor-element elementor-element-6211bb7 elementor-widget elementor-widget-text-editor\" data-id=\"6211bb7\" data-element_type=\"widget\" data-e-type=\"widget\" data-widget_type=\"text-editor.default\">\n\t\t\t\t<div class=\"elementor-widget-container\">\n\t\t\t\t\t\t\t\t\t<ol><li style=\"list-style-type: none;\"><ol><li>Access to the conference room;<\/li><li>Access to the exhibition hall;<\/li><li>Welcome Coffee &amp; Coffee Breaks;<\/li><li>Network Lunch - see full menu <a href=\"https:\/\/aivolution.knower.pt\/wp-content\/uploads\/2024\/05\/MenuConferencia.pdf\" target=\"_blank\" rel=\"noopener\">here<\/a>;<\/li><li>Beatboombers show by the Vortice Dance Company.<\/li><\/ol><\/li><\/ol>\t\t\t\t\t\t\t\t<\/div>\n\t\t\t\t<\/div>\n\t\t\t\t\t<\/div>\n\t\t\t\t<\/div>\n\t\t<div class=\"elementor-element elementor-element-1fcfd14 e-con-full e-flex wpr-particle-no wpr-jarallax-no wpr-parallax-no wpr-sticky-section-no wpr-equal-height-no e-con e-parent\" data-id=\"1fcfd14\" data-element_type=\"container\" data-e-type=\"container\" data-settings=\"{&quot;_ha_eqh_enable&quot;:false}\">\n\t\t\t\t<div class=\"elementor-element elementor-element-acfc5b5 elementor-hidden-mobile elementor-widget elementor-widget-image\" data-id=\"acfc5b5\" data-element_type=\"widget\" data-e-type=\"widget\" data-widget_type=\"image.default\">\n\t\t\t\t<div class=\"elementor-widget-container\">\n\t\t\t\t\t<style>.elementor-element-acfc5b5{display:none !important}<\/style>\t\t\t\t<\/div>\n\t\t\t\t<\/div>\n\t\t\t\t<div class=\"elementor-element elementor-element-061393d elementor-hidden-mobile elementor-widget elementor-widget-image\" data-id=\"061393d\" data-element_type=\"widget\" data-e-type=\"widget\" data-widget_type=\"image.default\">\n\t\t\t\t<div class=\"elementor-widget-container\">\n\t\t\t\t\t\t\t\t\t\t\t\t\t\t\t<img fetchpriority=\"high\" decoding=\"async\" width=\"2048\" height=\"696\" src=\"https:\/\/aivolution.knower.pt\/wp-content\/uploads\/2024\/03\/program-EN.webp\" class=\"attachment-full size-full wp-image-4257\" alt=\"\" srcset=\"https:\/\/aivolution.knower.pt\/wp-content\/uploads\/2024\/03\/program-EN.webp 2048w, https:\/\/aivolution.knower.pt\/wp-content\/uploads\/2024\/03\/program-EN-300x102.webp 300w, https:\/\/aivolution.knower.pt\/wp-content\/uploads\/2024\/03\/program-EN-1024x348.webp 1024w, https:\/\/aivolution.knower.pt\/wp-content\/uploads\/2024\/03\/program-EN-768x261.webp 768w, https:\/\/aivolution.knower.pt\/wp-content\/uploads\/2024\/03\/program-EN-1536x522.webp 1536w, https:\/\/aivolution.knower.pt\/wp-content\/uploads\/2024\/03\/program-EN-18x6.webp 18w\" sizes=\"(max-width: 2048px) 100vw, 2048px\" \/>\t\t\t\t\t\t\t\t\t\t\t\t\t\t\t<\/div>\n\t\t\t\t<\/div>\n\t\t\t\t<div class=\"elementor-element elementor-element-a8ec10b elementor-align-center elementor-widget elementor-widget-button\" data-id=\"a8ec10b\" data-element_type=\"widget\" data-e-type=\"widget\" data-widget_type=\"button.default\">\n\t\t\t\t<div class=\"elementor-widget-container\">\n\t\t\t\t\t<style>.elementor-element-a8ec10b{display:none !important}<\/style>\t\t\t\t<\/div>\n\t\t\t\t<\/div>\n\t\t\t\t<div class=\"elementor-element elementor-element-87d41e6 elementor-align-center elementor-widget elementor-widget-button\" data-id=\"87d41e6\" data-element_type=\"widget\" data-e-type=\"widget\" data-widget_type=\"button.default\">\n\t\t\t\t<div class=\"elementor-widget-container\">\n\t\t\t\t\t\t\t\t\t<div class=\"elementor-button-wrapper\">\n\t\t\t\t\t<a class=\"elementor-button elementor-button-link elementor-size-sm elementor-animation-sink\" href=\"https:\/\/aivolution.knower.pt\/wp-content\/uploads\/Programas\/Programa_AIVOLUTION_EN.pdf\" target=\"_blank\">\n\t\t\t\t\t\t<span class=\"elementor-button-content-wrapper\">\n\t\t\t\t\t\t\t\t\t<span class=\"elementor-button-text\">View Full Program<\/span>\n\t\t\t\t\t<\/span>\n\t\t\t\t\t<\/a>\n\t\t\t\t<\/div>\n\t\t\t\t\t\t\t\t<\/div>\n\t\t\t\t<\/div>\n\t\t\t\t<\/div>\n\t\t\t\t<section class=\"elementor-section elementor-top-section elementor-element elementor-element-73c1d55 elementor-section-full_width elementor-hidden-desktop elementor-hidden-tablet elementor-hidden-mobile elementor-section-height-default elementor-section-height-default wpr-particle-no wpr-jarallax-no wpr-parallax-no wpr-sticky-section-no wpr-equal-height-no\" data-id=\"73c1d55\" data-element_type=\"section\" data-e-type=\"section\" data-settings=\"{&quot;_ha_eqh_enable&quot;:false}\">\n\t\t\t\t\t\t<div class=\"elementor-container elementor-column-gap-default\">\n\t\t\t\t\t<div class=\"elementor-column elementor-col-100 elementor-top-column elementor-element elementor-element-683a5ba\" data-id=\"683a5ba\" data-element_type=\"column\" data-e-type=\"column\">\n\t\t\t<div class=\"elementor-widget-wrap elementor-element-populated\">\n\t\t\t\t\t\t\t<\/div>\n\t\t<\/div>\n\t\t\t\t\t<\/div>\n\t\t<\/section>\n\t\t<div class=\"elementor-element elementor-element-cb27a01 e-flex e-con-boxed wpr-particle-no wpr-jarallax-no wpr-parallax-no wpr-sticky-section-no wpr-equal-height-no e-con e-parent\" data-id=\"cb27a01\" data-element_type=\"container\" data-e-type=\"container\" data-settings=\"{&quot;_ha_eqh_enable&quot;:false}\">\n\t\t\t\t\t<div class=\"e-con-inner\">\n\t\t\t\t<div class=\"elementor-element elementor-element-3528709 elementor-widget elementor-widget-heading\" data-id=\"3528709\" data-element_type=\"widget\" data-e-type=\"widget\" data-widget_type=\"heading.default\">\n\t\t\t\t<div class=\"elementor-widget-container\">\n\t\t\t\t\t<h2 class=\"elementor-heading-title elementor-size-default\">Shall we meet there?<\/h2>\t\t\t\t<\/div>\n\t\t\t\t<\/div>\n\t\t\t\t<div class=\"elementor-element elementor-element-37e1ee0 elementor-align-center elementor-widget elementor-widget-button\" data-id=\"37e1ee0\" data-element_type=\"widget\" data-e-type=\"widget\" data-widget_type=\"button.default\">\n\t\t\t\t<div class=\"elementor-widget-container\">\n\t\t\t\t\t\t\t\t\t<div class=\"elementor-button-wrapper\">\n\t\t\t\t\t<a class=\"elementor-button elementor-button-link elementor-size-sm elementor-animation-sink\" href=\"https:\/\/blueticket.meo.pt\/Event\/10571\/\" target=\"_blank\" rel=\"noopener\">\n\t\t\t\t\t\t<span class=\"elementor-button-content-wrapper\">\n\t\t\t\t\t\t\t\t\t<span class=\"elementor-button-text\">Tickets<\/span>\n\t\t\t\t\t<\/span>\n\t\t\t\t\t<\/a>\n\t\t\t\t<\/div>\n\t\t\t\t\t\t\t\t<\/div>\n\t\t\t\t<\/div>\n\t\t\t\t\t<\/div>\n\t\t\t\t<\/div>\n\t\t\t\t<section class=\"elementor-section elementor-top-section elementor-element elementor-element-3cf4eab elementor-section-full_width elementor-section-height-default elementor-section-height-default wpr-particle-no wpr-jarallax-no wpr-parallax-no wpr-sticky-section-no wpr-equal-height-no\" data-id=\"3cf4eab\" data-element_type=\"section\" data-e-type=\"section\" data-settings=\"{&quot;_ha_eqh_enable&quot;:false}\">\n\t\t\t\t\t\t<div class=\"elementor-container elementor-column-gap-default\">\n\t\t\t\t\t<div class=\"elementor-column elementor-col-100 elementor-top-column elementor-element elementor-element-4c28fd6\" data-id=\"4c28fd6\" data-element_type=\"column\" data-e-type=\"column\">\n\t\t\t<div class=\"elementor-widget-wrap elementor-element-populated\">\n\t\t\t\t\t\t<div class=\"elementor-element elementor-element-2e8c1f5 elementor-widget elementor-widget-conat_subscriber\" data-id=\"2e8c1f5\" data-element_type=\"widget\" data-e-type=\"widget\" data-widget_type=\"conat_subscriber.default\">\n\t\t\t\t<div class=\"elementor-widget-container\">\n\t\t\t\t\t        \r\n                \r\n        <!-- Subscribe One -->\r\n        <section class=\"subscribe-two\" style=\"background-image: url(https:\/\/aivolution.knower.pt\/wp-content\/uploads\/2023\/05\/6-1.jpg)\">\r\n            <div class=\"auto-container\">\r\n                <div class=\"inner-container\">\r\n                    <div class=\"row clearfix\">\r\n                        <div class=\"subscribe-two_title-column col-lg-6 col-md-12 col-sm-12\">\r\n                            <div class=\"subscribe-two_title\">Sign up for our newsletter<\/div>\r\n                            <h3 class=\"subscribe-two_heading\">Keep up to date with the latest news about the conference and AI<\/h3>\r\n                        <\/div>\r\n                        \r\n                        <!-- Form Column -->\r\n                        <div class=\"form-column col-lg-6 col-md-12 col-sm-12\">\r\n                                                        <!-- Subscribe Box -->\r\n                            <div class=\"subscribe-box style-two\">\r\n                                \n<div class=\"wpcf7 no-js\" id=\"wpcf7-f285-o1\" lang=\"en-US\" dir=\"ltr\" data-wpcf7-id=\"285\">\n<div class=\"screen-reader-response\"><p role=\"status\" aria-live=\"polite\" aria-atomic=\"true\"><\/p> <ul><\/ul><\/div>\n<form action=\"\/en\/wp-json\/wp\/v2\/pages\/2240#wpcf7-f285-o1\" method=\"post\" class=\"wpcf7-form init 70ade6dd4816 cmatic-disconn cmatic-aud-0 cmatic-mapd0-0 cmatic-v097802 cmatic-sent-0 cmatic-total-0\" aria-label=\"Contact form\" novalidate=\"novalidate\" data-status=\"init\" data-trp-original-action=\"\/en\/wp-json\/wp\/v2\/pages\/2240#wpcf7-f285-o1\">\n<fieldset class=\"hidden-fields-container\"><input type=\"hidden\" name=\"_wpcf7\" value=\"285\" \/><input type=\"hidden\" name=\"_wpcf7_version\" value=\"6.1.5\" \/><input type=\"hidden\" name=\"_wpcf7_locale\" value=\"en_US\" \/><input type=\"hidden\" name=\"_wpcf7_unit_tag\" value=\"wpcf7-f285-o1\" \/><input type=\"hidden\" name=\"_wpcf7_container_post\" value=\"0\" \/><input type=\"hidden\" name=\"_wpcf7_posted_data_hash\" value=\"\" \/>\n<\/fieldset>\n<div class=\"form-group\">\n\t<p><span class=\"wpcf7-form-control-wrap\" data-name=\"your-email\"><input size=\"40\" maxlength=\"400\" class=\"wpcf7-form-control wpcf7-email wpcf7-validates-as-required wpcf7-text wpcf7-validates-as-email\" aria-required=\"true\" aria-invalid=\"false\" placeholder=\"Email\" value=\"\" type=\"email\" name=\"your-email\" \/><\/span><input class=\"wpcf7-form-control wpcf7-submit has-spinner\" type=\"submit\" value=\"Subscribe\" \/>\n\t<\/p>\n<\/div><div class=\"wpcf7-response-output\" aria-hidden=\"true\"><\/div>\n<input type=\"hidden\" name=\"trp-form-language\" value=\"en\"\/><\/form>\n<\/div>\n                            <\/div>\r\n                                                    <\/div>\r\n                        \r\n                    <\/div>\r\n                <\/div>\r\n            <\/div>\r\n        <\/section>\r\n        <!-- End Subscribe One -->\r\n                \r\n        \t\t\t\t<\/div>\n\t\t\t\t<\/div>\n\t\t\t\t\t<\/div>\n\t\t<\/div>\n\t\t\t\t\t<\/div>\n\t\t<\/section>\n\t\t\t\t<\/div>","protected":false},"excerpt":{"rendered":"<p>Programa\u00e7\u00e3o Impactante? Sim, com a Knower Impact Meetings Em maio de 2024 a Knower trouxe at\u00e9 \u00e0 maior sala de espet\u00e1culos e eventos do pa\u00eds, speakers de renome e pioneiros na an\u00e1lise tecnol\u00f3gica do futuro. No dia 29 de maio de 2024 contamos com speakers de renome internacional, pain\u00e9is de discuss\u00e3o e casos pr\u00e1ticos onde a IA j\u00e1 est\u00e1 a dar cartas. A Knower Impact Meetings &#8211; _AIV\u00d8LUT1\u00d8N_ &#8211; foi a oportunidade para aprofundar conhecimentos e explorar as \u00faltimas tend\u00eancias em IA. Valor do bilhete inclu\u00ed: Acesso \u00e0 sala de confer\u00eancia-espet\u00e1culo; Acesso ao hall de exposi\u00e7\u00f5es; Welcome Coffee &amp; Coffee Breaks; Network Lunch &#8211; ver menu completo aqui; Espet\u00e1culo Beatboombers com assinatura da Vortice Dance Company. Ver Programa Completo &#8212; Manuel Dias Innovation with AI &#8211; Creating New Business Models We\u2019re inviting the top creatives in the tech industry from all over the world to come learn, grow, scrape their knees, try new things, to be vulnerable, and to have epic adventures &#8212; Nuno Sebasti\u00e3o Practical AI: The Ultimate Life and Business Cases We\u2019re inviting the top creatives in the tech industry from all over the world to come learn, grow, scrape their knees, try new things, to be vulnerable, and to have epic adventures &#8212; Gerd Leonhard The AI Transformation: Impact on Leadership We\u2019re inviting the top creatives in the tech industry from all over the world to come learn, grow, scrape their knees, try new things, to be vulnerable, and to have epic adventures &#8212; Ant\u00f3nio Dam\u00e1sio Shaping the (Human) Future with AI We\u2019re inviting the top creatives in the tech industry from all over the world to come learn, grow, scrape their knees, try new things, to be vulnerable, and to have epic adventures Encontramo-nos l\u00e1? Tickets Inscreva-se na nossa Newsletter Mantenha-se atualizado\/a com as \u00faltimas novidades sobre a confer\u00eancia e sobre IA<\/p>","protected":false},"author":1,"featured_media":0,"parent":0,"menu_order":0,"comment_status":"closed","ping_status":"closed","template":"tpl-default-elementor.php","meta":{"footnotes":""},"class_list":["post-2240","page","type-page","status-publish","hentry"],"_links":{"self":[{"href":"https:\/\/aivolution.knower.pt\/en\/wp-json\/wp\/v2\/pages\/2240","targetHints":{"allow":["GET"]}}],"collection":[{"href":"https:\/\/aivolution.knower.pt\/en\/wp-json\/wp\/v2\/pages"}],"about":[{"href":"https:\/\/aivolution.knower.pt\/en\/wp-json\/wp\/v2\/types\/page"}],"author":[{"embeddable":true,"href":"https:\/\/aivolution.knower.pt\/en\/wp-json\/wp\/v2\/users\/1"}],"replies":[{"embeddable":true,"href":"https:\/\/aivolution.knower.pt\/en\/wp-json\/wp\/v2\/comments?post=2240"}],"version-history":[{"count":133,"href":"https:\/\/aivolution.knower.pt\/en\/wp-json\/wp\/v2\/pages\/2240\/revisions"}],"predecessor-version":[{"id":5866,"href":"https:\/\/aivolution.knower.pt\/en\/wp-json\/wp\/v2\/pages\/2240\/revisions\/5866"}],"wp:attachment":[{"href":"https:\/\/aivolution.knower.pt\/en\/wp-json\/wp\/v2\/media?parent=2240"}],"curies":[{"name":"wp","href":"https:\/\/api.w.org\/{rel}","templated":true}]}}