{"id":3777,"date":"2024-01-16T17:41:18","date_gmt":"2024-01-16T17:41:18","guid":{"rendered":"https:\/\/aivolution.knower.pt\/?page_id=3777"},"modified":"2024-02-01T15:16:55","modified_gmt":"2024-02-01T15:16:55","slug":"privacy-policy-2","status":"publish","type":"page","link":"https:\/\/aivolution.knower.pt\/en\/termos-e-condicoes\/","title":{"rendered":"Terms and Conditions"},"content":{"rendered":"<div data-elementor-type=\"wp-page\" data-elementor-id=\"3777\" class=\"elementor elementor-3777\" data-elementor-settings=\"{&quot;ha_cmc_init_switcher&quot;:&quot;no&quot;}\">\n\t\t\t\t<div class=\"elementor-element elementor-element-ea10317 e-flex e-con-boxed wpr-particle-no wpr-jarallax-no wpr-parallax-no wpr-sticky-section-no wpr-equal-height-no e-con e-parent\" data-id=\"ea10317\" data-element_type=\"container\" data-e-type=\"container\" data-settings=\"{&quot;_ha_eqh_enable&quot;:false}\">\n\t\t\t\t\t<div class=\"e-con-inner\">\n\t\t\t\t<div class=\"elementor-element elementor-element-a55d4b9 elementor-widget elementor-widget-heading\" data-id=\"a55d4b9\" data-element_type=\"widget\" data-e-type=\"widget\" data-widget_type=\"heading.default\">\n\t\t\t\t<div class=\"elementor-widget-container\">\n\t\t\t\t\t<h2 class=\"elementor-heading-title elementor-size-default\">Terms and Conditions Knower\u2122 Conference<\/h2>\t\t\t\t<\/div>\n\t\t\t\t<\/div>\n\t\t\t\t\t<\/div>\n\t\t\t\t<\/div>\n\t\t<div class=\"elementor-element elementor-element-9f7c181 e-flex e-con-boxed wpr-particle-no wpr-jarallax-no wpr-parallax-no wpr-sticky-section-no wpr-equal-height-no e-con e-parent\" data-id=\"9f7c181\" data-element_type=\"container\" data-e-type=\"container\" data-settings=\"{&quot;_ha_eqh_enable&quot;:false}\">\n\t\t\t\t\t<div class=\"e-con-inner\">\n\t\t\t\t<div class=\"elementor-element elementor-element-a80fc25 elementor-widget elementor-widget-text-editor\" data-id=\"a80fc25\" data-element_type=\"widget\" data-e-type=\"widget\" data-widget_type=\"text-editor.default\">\n\t\t\t\t<div class=\"elementor-widget-container\">\n\t\t\t\t\t\t\t\t\t<h3><strong>GENERAL CONDITIONS<\/strong><\/h3><p>These General Terms and Conditions govern the rights and obligations arising from participation in and access to the \"Knower Conference<strong>\u2122<\/strong> 2024\" (\"Event\"), to be held on 29 May, between 09:00 and 18:00, at MEO Arena - Sala Tejo.<\/p><p>The event is organised by Knower Projects, S.A. (NIPC 506111148), hereinafter the \"Organiser\".<\/p><p>Participation in and access to the Event implies full acceptance of these Terms.<\/p><p>Participants undertake to comply with the provisions of these General Terms and Conditions, and in the event of a breach thereof, Knower\u2122 may adopt any measures provided for and\/or permitted by applicable law.<\/p><h3><strong>REGISTRATION AND PARTICIPATION IN THE EVENT<\/strong><\/h3><p><strong>\u00a0<\/strong><\/p><p>Entry to the event must be made by purchasing tickets at <a href=\"https:\/\/blueticket.meo.pt\/\" target=\"_blank\" rel=\"noopener\">https:\/\/blueticket.meo.pt\/<\/a>.<\/p><h3><strong>BEHAVIOUR AND RESPONSIBILITIES <\/strong><\/h3><p><strong>\u00a0<\/strong><\/p><p>The Organiser undertakes to provide a safe, inclusive and welcoming environment for all Participants.<\/p><p>Participants, who must behave in a manner compatible with the provisions of the General Terms and Conditions, are responsible for the consequences of their actions related to participation in the Event.<\/p><p>Participants must refrain from using the Event for advertising, prospecting, unsolicited publicity messages, canvassing, for professional, commercial or political purposes (adverts, \"spam\" content or references to other products, commercial offers or websites...) or, more generally, contrary to current legislation.<\/p><p>Participants must also refrain from interfering with or disturbing the running of the Event.<\/p><p>Participants are informed that the Organiser reserves the right to withdraw access to any Participant who does not comply with these Terms and, in particular, to any Participant who behaves in a way that the Organiser considers offensive or inappropriate.<\/p><p>Participants agree to hold the Organiser and its partners harmless from all claims, demands and actions brought by third parties as a result of, based on, or arising from their participation in the Event and to hold Knower\u2122 harmless from any liability whatsoever.<\/p><h3><strong>PROGRAMME, CHANGES AND CANCELLATIONS<\/strong><\/h3><p>The content of the presentations is the sole responsibility of the speakers.<\/p><p>The Organiser reserves the right to change the Event at any time and without prior notice, particularly with regard to its content, or to cancel it without having to justify its decision.<\/p><h3><strong>PERSONAL DATA AND IMAGE DISSEMINATION<\/strong><\/h3><p><strong>\u00a0<\/strong><\/p><p>The personal data provided when you register for the Event or subsequently when you take part in the Event is intended for Knower Projects, S.A., as the data controller.<\/p><p>The data will be used for the time necessary to manage your participation in the Event, for the following purposes:<\/p><p>Manage registration and participation in the Event<\/p><p>Monitoring the Event's performance and carrying out statistical studies<\/p><p>Sending a satisfaction survey at the end of the event.<\/p><p>All images and intellectual property rights are reserved. Any filming, recording or reproduction within the premises is prohibited unless expressly authorised by the Organisation.<\/p><p>The Participant recognises that he\/she may appear in the images taken at the event by different means for subsequent dissemination of information. In this sense, they authorise this use, which will be the responsibility of each medium. The images may appear on the internet, but their dissemination cannot be controlled.<\/p><p>For more information, particularly on the rights of the holder of personal data, you can consult our Privacy Policy at <a href=\"https:\/\/aivolution.knower.pt\/en\/privacy-policy-3\/\">https:\/\/aivolution.knower.pt\/politica-de-privacidade\/<\/a><\/p><h3><strong>GENERAL PROVISIONS<\/strong><\/h3><p><strong>\u00a0<\/strong><\/p><p>Knower\u2122 reserves the right to amend these terms and conditions at any time. If the change is substantial, a notice will be placed on the website.<\/p><p>If one of the provisions of these Terms and Conditions is deemed invalid or void by a competent court or as a result of a legislative or regulatory change, the invalidity of that provision shall not affect the validity of the other provisions of these Terms and Conditions that remain in force.<\/p><p>These terms and conditions are governed by the laws and regulations applicable in Portugal and, with regard to personal data, by the provisions of Regulation (EU) 2016\/679 of the European Parliament and of the Council of 27 April 2016.<\/p><p>Any disputes arising from the validity, interpretation or execution of the Privacy Policy, or which are related to the collection, processing or transmission of the data subject's data, must be submitted exclusively to the jurisdiction of the courts of the district of Lisbon, without prejudice to the applicable mandatory legal rules.<\/p>\t\t\t\t\t\t\t\t<\/div>\n\t\t\t\t<\/div>\n\t\t\t\t\t<\/div>\n\t\t\t\t<\/div>\n\t\t\t\t<section class=\"elementor-section elementor-top-section elementor-element elementor-element-3cf4eab elementor-section-full_width elementor-section-height-default elementor-section-height-default wpr-particle-no wpr-jarallax-no wpr-parallax-no wpr-sticky-section-no wpr-equal-height-no\" data-id=\"3cf4eab\" data-element_type=\"section\" data-e-type=\"section\" data-settings=\"{&quot;_ha_eqh_enable&quot;:false}\">\n\t\t\t\t\t\t<div class=\"elementor-container elementor-column-gap-default\">\n\t\t\t\t\t<div class=\"elementor-column elementor-col-100 elementor-top-column elementor-element elementor-element-4c28fd6\" data-id=\"4c28fd6\" data-element_type=\"column\" data-e-type=\"column\">\n\t\t\t<div class=\"elementor-widget-wrap elementor-element-populated\">\n\t\t\t\t\t\t<div class=\"elementor-element elementor-element-2e8c1f5 elementor-widget elementor-widget-conat_subscriber\" data-id=\"2e8c1f5\" data-element_type=\"widget\" data-e-type=\"widget\" data-widget_type=\"conat_subscriber.default\">\n\t\t\t\t<div class=\"elementor-widget-container\">\n\t\t\t\t\t        \r\n                \r\n        <!-- Subscribe One -->\r\n        <section class=\"subscribe-two\" style=\"background-image: url(https:\/\/aivolution.knower.pt\/wp-content\/uploads\/2023\/05\/6-1.jpg)\">\r\n            <div class=\"auto-container\">\r\n                <div class=\"inner-container\">\r\n                    <div class=\"row clearfix\">\r\n                        <div class=\"subscribe-two_title-column col-lg-6 col-md-12 col-sm-12\">\r\n                            <div class=\"subscribe-two_title\">Sign up for our newsletter<\/div>\r\n                            <h3 class=\"subscribe-two_heading\">Keep up to date with the latest conference and AI news<\/h3>\r\n                        <\/div>\r\n                        \r\n                        <!-- Form Column -->\r\n                        <div class=\"form-column col-lg-6 col-md-12 col-sm-12\">\r\n                                                        <!-- Subscribe Box -->\r\n                            <div class=\"subscribe-box style-two\">\r\n                                \n<div class=\"wpcf7 no-js\" id=\"wpcf7-f285-o1\" lang=\"en-US\" dir=\"ltr\" data-wpcf7-id=\"285\">\n<div class=\"screen-reader-response\"><p role=\"status\" aria-live=\"polite\" aria-atomic=\"true\"><\/p> <ul><\/ul><\/div>\n<form action=\"\/en\/wp-json\/wp\/v2\/pages\/3777#wpcf7-f285-o1\" method=\"post\" class=\"wpcf7-form init 70ade6dd4816 cmatic-disconn cmatic-aud-0 cmatic-mapd0-0 cmatic-v097802 cmatic-sent-0 cmatic-total-0\" aria-label=\"Contact form\" novalidate=\"novalidate\" data-status=\"init\" data-trp-original-action=\"\/en\/wp-json\/wp\/v2\/pages\/3777#wpcf7-f285-o1\">\n<fieldset class=\"hidden-fields-container\"><input type=\"hidden\" name=\"_wpcf7\" value=\"285\" \/><input type=\"hidden\" name=\"_wpcf7_version\" value=\"6.1.5\" \/><input type=\"hidden\" name=\"_wpcf7_locale\" value=\"en_US\" \/><input type=\"hidden\" name=\"_wpcf7_unit_tag\" value=\"wpcf7-f285-o1\" \/><input type=\"hidden\" name=\"_wpcf7_container_post\" value=\"0\" \/><input type=\"hidden\" name=\"_wpcf7_posted_data_hash\" value=\"\" \/>\n<\/fieldset>\n<div class=\"form-group\">\n\t<p><span class=\"wpcf7-form-control-wrap\" data-name=\"your-email\"><input size=\"40\" maxlength=\"400\" class=\"wpcf7-form-control wpcf7-email wpcf7-validates-as-required wpcf7-text wpcf7-validates-as-email\" aria-required=\"true\" aria-invalid=\"false\" placeholder=\"Email\" value=\"\" type=\"email\" name=\"your-email\" \/><\/span><input class=\"wpcf7-form-control wpcf7-submit has-spinner\" type=\"submit\" value=\"Subscribe\" \/>\n\t<\/p>\n<\/div><div class=\"wpcf7-response-output\" aria-hidden=\"true\"><\/div>\n<input type=\"hidden\" name=\"trp-form-language\" value=\"en\"\/><\/form>\n<\/div>\n                            <\/div>\r\n                                                    <\/div>\r\n                        \r\n                    <\/div>\r\n                <\/div>\r\n            <\/div>\r\n        <\/section>\r\n        <!-- End Subscribe One -->\r\n                \r\n        \t\t\t\t<\/div>\n\t\t\t\t<\/div>\n\t\t\t\t\t<\/div>\n\t\t<\/div>\n\t\t\t\t\t<\/div>\n\t\t<\/section>\n\t\t\t\t<\/div>","protected":false},"excerpt":{"rendered":"<p>Termos E Condi\u00e7\u00f5es Confer\u00eancia Knower\u2122 CONDI\u00c7\u00d5ES GERAIS Os presentes Termos e Condi\u00e7\u00f5es Gerais regem os direitos e obriga\u00e7\u00f5es decorrentes da participa\u00e7\u00e3o e do acesso \u00e0 \u201cConfer\u00eancia Knower\u2122 2024\u201d (\u201cEvento\u201d), a realizar no dia 29 de maio, entre as 09:00h e as 18:00h, na MEO Arena &#8211; Sala Tejo. O Evento \u00e9 organizado pela Knower Projects, S.A. (NIPC 506111148), de ora em diante \u201cOrganizadora\u201d. A participa\u00e7\u00e3o e o acesso ao Evento implicam a plena aceita\u00e7\u00e3o dos presentes Termos. Os Participantes comprometem-se a respeitar as disposi\u00e7\u00f5es previstas nos presentes Termos e Condi\u00e7\u00f5es Gerais, sendo que em caso de viola\u00e7\u00e3o dos mesmos, poder\u00e1 a Knower\u2122 adotar todas as medidas nele previstas e\/ou permitidas pela legisla\u00e7\u00e3o aplic\u00e1vel. INSCRI\u00c7\u00c3O E PARTICIPA\u00c7\u00c3O NO EVENTO \u00a0 A inscri\u00e7\u00e3o no Evento dever\u00e1 ser realizada atrav\u00e9s da compra de bilhetes em https:\/\/blueticket.meo.pt\/. CONDUTA E RESPONSABILIDADES \u00a0 A Organizadora compromete-se a proporcionar um ambiente seguro, inclusivo e acolhedor a todos os Participantes. Os Participantes, que dever\u00e3o adotar uma conduta compat\u00edvel com o disposto nos Termos e Condi\u00e7\u00f5es gerais, s\u00e3o respons\u00e1veis pelas consequ\u00eancias das suas a\u00e7\u00f5es relacionadas com a participa\u00e7\u00e3o no Evento. Os Participantes devem abster-se de utilizar o Evento para propaganda, prospe\u00e7\u00e3o, mensagens publicit\u00e1rias n\u00e3o solicitadas, angaria\u00e7\u00e3o, para fins profissionais, comerciais ou pol\u00edticos (an\u00fancios, conte\u00fados &#8220;spam&#8221; ou refer\u00eancias a outros produtos, ofertas comerciais ou sites da Internet&#8230;) ou, de um modo mais geral, que sejam contr\u00e1rios \u00e0 legisla\u00e7\u00e3o em vigor. Os Participantes devem igualmente abster-se de interferir ou perturbar o funcionamento do Evento. Os Participantes s\u00e3o informados que a Organizadora reserva o direito de retirar o acesso a qualquer Participante que n\u00e3o cumpra os presentes Termos e, nomeadamente, a qualquer Participante que se comporte de uma forma que a Organizadora considere ofensiva ou impr\u00f3pria. Os Participantes concordam em isentar a Organizadora e os seus parceiros de todas as reclama\u00e7\u00f5es, exig\u00eancias e a\u00e7\u00f5es intentadas por terceiros em resultado de, com base em, ou decorrentes da sua participa\u00e7\u00e3o no Evento e em isentar a Knower\u2122 de qualquer responsabilidade. PROGRAMA, ALTERA\u00c7\u00d5ES E CANCELAMENTO O conte\u00fado das apresenta\u00e7\u00f5es \u00e9 da exclusiva responsabilidade dos oradores. A Organizadora reserva-se o direito de alterar o Evento a qualquer momento e sem aviso pr\u00e9vio, nomeadamente no que diz respeito ao seu conte\u00fado, ou de o cancelar sem necessidade de justificar a sua decis\u00e3o. DADOS PESSOAIS E DIFUS\u00c3O DE IMAGEM \u00a0 Os dados pessoais facultados aquando do teu registo no Evento ou, posteriormente, aquando da sua participa\u00e7\u00e3o no Evento destinam-se \u00e0 sociedade Knower Projects, S.A., enquanto respons\u00e1vel pelo tratamento dos dados. Os dados ser\u00e3o utilizados durante o tempo necess\u00e1rio \u00e0 gest\u00e3o da sua participa\u00e7\u00e3o no Evento, com as seguintes finalidades: Gerir o registo e participa\u00e7\u00e3o no Evento Monitoriza\u00e7\u00e3o do desempenho do Evento e realiza\u00e7\u00e3o de estudos estat\u00edsticos Envio de inqu\u00e9rito de satisfa\u00e7\u00e3o no final do Evento. Todas as imagens e direitos de propriedade intelectual s\u00e3o reservados. Qualquer filmagem, grava\u00e7\u00e3o ou reprodu\u00e7\u00e3o dentro das instala\u00e7\u00f5es \u00e9 proibida, a menos que expressamente autorizada pela Organiza\u00e7\u00e3o. O Participante reconhece que pode aparecer nas imagens capturadas no espa\u00e7o do evento por diferentes meios para posterior divulga\u00e7\u00e3o de informa\u00e7\u00f5es. Nesse sentido, autoriza esse uso, que ser\u00e1 da responsabilidade de cada meio. As imagens podem aparecer na internet, n\u00e3o podendo a sua difus\u00e3o ser controlada. Para mais informa\u00e7\u00f5es, designadamente quanto aos direitos do titular dos dados pessoais, poder\u00e1 consultar a nossa Pol\u00edtica de Privacidade em https:\/\/aivolution.knower.pt\/politica-de-privacidade\/ DISPOSI\u00c7\u00d5ES GERAIS \u00a0 A Knower\u2122 reserva-se o direito de alterar os presentes termos e Condi\u00e7\u00f5es a todo o tempo. Caso a altera\u00e7\u00e3o seja substancial, ser\u00e1 colocado um aviso no website. Se uma das disposi\u00e7\u00f5es dos presentes Termos e Condi\u00e7\u00f5es for considerada inv\u00e1lida ou nula por um tribunal competente ou em resultado de uma altera\u00e7\u00e3o legislativa ou regulamentar, a nulidade dessa disposi\u00e7\u00e3o n\u00e3o afeta a validade das demais disposi\u00e7\u00f5es dos presentes Termos e Condi\u00e7\u00f5es que permanecem em vigor. Os presentes termos e Condi\u00e7\u00f5es s\u00e3o regidos pela legisla\u00e7\u00e3o e regulamenta\u00e7\u00e3o aplic\u00e1veis em Portugal e, no que aos dados pessoais diz respeito pelo disposto no Regulamento (UE) 2016\/679, do Parlamento Europeu e do Conselho, de 27 de abril de 2016. Quaisquer lit\u00edgios decorrentes da validade, interpreta\u00e7\u00e3o ou execu\u00e7\u00e3o da Pol\u00edtica de Privacidade, ou que estejam relacionados com a recolha, tratamento ou transmiss\u00e3o de dados do\/a titular, devem ser submetidos em exclusivo \u00e0 jurisdi\u00e7\u00e3o dos tribunais judiciais da comarca de Lisboa, sem preju\u00edzo das normas legais imperativas aplic\u00e1veis. Inscreva-se na nossa Newsletter Mantenha-se Atualizado\/a com as \u00faltimas novidades sobre a confer\u00eancia e sobre IA<\/p>","protected":false},"author":1,"featured_media":0,"parent":0,"menu_order":0,"comment_status":"closed","ping_status":"closed","template":"tpl-default-elementor.php","meta":{"footnotes":""},"class_list":["post-3777","page","type-page","status-publish","hentry"],"_links":{"self":[{"href":"https:\/\/aivolution.knower.pt\/en\/wp-json\/wp\/v2\/pages\/3777","targetHints":{"allow":["GET"]}}],"collection":[{"href":"https:\/\/aivolution.knower.pt\/en\/wp-json\/wp\/v2\/pages"}],"about":[{"href":"https:\/\/aivolution.knower.pt\/en\/wp-json\/wp\/v2\/types\/page"}],"author":[{"embeddable":true,"href":"https:\/\/aivolution.knower.pt\/en\/wp-json\/wp\/v2\/users\/1"}],"replies":[{"embeddable":true,"href":"https:\/\/aivolution.knower.pt\/en\/wp-json\/wp\/v2\/comments?post=3777"}],"version-history":[{"count":10,"href":"https:\/\/aivolution.knower.pt\/en\/wp-json\/wp\/v2\/pages\/3777\/revisions"}],"predecessor-version":[{"id":3893,"href":"https:\/\/aivolution.knower.pt\/en\/wp-json\/wp\/v2\/pages\/3777\/revisions\/3893"}],"wp:attachment":[{"href":"https:\/\/aivolution.knower.pt\/en\/wp-json\/wp\/v2\/media?parent=3777"}],"curies":[{"name":"wp","href":"https:\/\/api.w.org\/{rel}","templated":true}]}}