{"id":4371,"date":"2024-03-26T16:12:00","date_gmt":"2024-03-26T16:12:00","guid":{"rendered":"https:\/\/aivolution.knower.pt\/?page_id=4371"},"modified":"2024-04-16T16:19:33","modified_gmt":"2024-04-16T16:19:33","slug":"antonio-damasio-4","status":"publish","type":"page","link":"https:\/\/aivolution.knower.pt\/en\/ricardo-parreira\/","title":{"rendered":"Ricardo Parreira"},"content":{"rendered":"<div data-elementor-type=\"wp-page\" data-elementor-id=\"4371\" class=\"elementor elementor-4371\" data-elementor-settings=\"{&quot;ha_cmc_init_switcher&quot;:&quot;no&quot;}\">\n\t\t\t\t<div class=\"elementor-element elementor-element-e8af14e e-flex e-con-boxed wpr-particle-no wpr-jarallax-no wpr-parallax-no wpr-sticky-section-no wpr-equal-height-no e-con e-parent\" data-id=\"e8af14e\" data-element_type=\"container\" data-e-type=\"container\" data-settings=\"{&quot;_ha_eqh_enable&quot;:false}\">\n\t\t\t\t\t<div class=\"e-con-inner\">\n\t\t<div class=\"elementor-element elementor-element-078facc e-con-full e-flex wpr-particle-no wpr-jarallax-no wpr-parallax-no wpr-sticky-section-no wpr-equal-height-no e-con e-child\" data-id=\"078facc\" data-element_type=\"container\" data-e-type=\"container\" data-settings=\"{&quot;_ha_eqh_enable&quot;:false}\">\n\t\t\t\t<div class=\"elementor-element elementor-element-916d2da elementor-widget elementor-widget-image\" data-id=\"916d2da\" data-element_type=\"widget\" data-e-type=\"widget\" data-widget_type=\"image.default\">\n\t\t\t\t<div class=\"elementor-widget-container\">\n\t\t\t\t\t\t\t\t\t\t\t\t\t\t\t<img fetchpriority=\"high\" decoding=\"async\" width=\"525\" height=\"525\" src=\"https:\/\/aivolution.knower.pt\/wp-content\/uploads\/2024\/04\/Ricardo.png\" class=\"attachment-large size-large wp-image-4682\" alt=\"\" srcset=\"https:\/\/aivolution.knower.pt\/wp-content\/uploads\/2024\/04\/Ricardo.png 600w, https:\/\/aivolution.knower.pt\/wp-content\/uploads\/2024\/04\/Ricardo-300x300.png 300w, https:\/\/aivolution.knower.pt\/wp-content\/uploads\/2024\/04\/Ricardo-150x150.png 150w, https:\/\/aivolution.knower.pt\/wp-content\/uploads\/2024\/04\/Ricardo-60x60.png 60w, https:\/\/aivolution.knower.pt\/wp-content\/uploads\/2024\/04\/Ricardo-12x12.png 12w, https:\/\/aivolution.knower.pt\/wp-content\/uploads\/2024\/04\/Ricardo-210x210.png 210w, https:\/\/aivolution.knower.pt\/wp-content\/uploads\/2024\/04\/Ricardo-120x120.png 120w, https:\/\/aivolution.knower.pt\/wp-content\/uploads\/2024\/04\/Ricardo-80x80.png 80w\" sizes=\"(max-width: 525px) 100vw, 525px\" \/>\t\t\t\t\t\t\t\t\t\t\t\t\t\t\t<\/div>\n\t\t\t\t<\/div>\n\t\t\t\t<div class=\"elementor-element elementor-element-32b2bff elementor-widget elementor-widget-heading\" data-id=\"32b2bff\" data-element_type=\"widget\" data-e-type=\"widget\" data-widget_type=\"heading.default\">\n\t\t\t\t<div class=\"elementor-widget-container\">\n\t\t\t\t\t<h3 class=\"elementor-heading-title elementor-size-default\">Talent, Workforce and Responsibility in AI (11:00 a.m. - 11:40 a.m.)<\/h3>\t\t\t\t<\/div>\n\t\t\t\t<\/div>\n\t\t\t\t<\/div>\n\t\t<div class=\"elementor-element elementor-element-64a626f e-con-full e-flex wpr-particle-no wpr-jarallax-no wpr-parallax-no wpr-sticky-section-no wpr-equal-height-no e-con e-child\" data-id=\"64a626f\" data-element_type=\"container\" data-e-type=\"container\" data-settings=\"{&quot;_ha_eqh_enable&quot;:false}\">\n\t\t\t\t<div class=\"elementor-element elementor-element-8813469 elementor-widget elementor-widget-heading\" data-id=\"8813469\" data-element_type=\"widget\" data-e-type=\"widget\" data-widget_type=\"heading.default\">\n\t\t\t\t<div class=\"elementor-widget-container\">\n\t\t\t\t\t<h2 class=\"elementor-heading-title elementor-size-default\">Ricardo Parreira<\/h2>\t\t\t\t<\/div>\n\t\t\t\t<\/div>\n\t\t\t\t<div class=\"elementor-element elementor-element-a4f455c elementor-widget elementor-widget-text-editor\" data-id=\"a4f455c\" data-element_type=\"widget\" data-e-type=\"widget\" data-widget_type=\"text-editor.default\">\n\t\t\t\t<div class=\"elementor-widget-container\">\n\t\t\t\t\t\t\t\t\t<p>CEO of the Portuguese multinational PHC Software and author of the book \"Management relaxed but professional\"<\/p>\t\t\t\t\t\t\t\t<\/div>\n\t\t\t\t<\/div>\n\t\t\t\t<div class=\"elementor-element elementor-element-09451a9 elementor-widget elementor-widget-text-editor\" data-id=\"09451a9\" data-element_type=\"widget\" data-e-type=\"widget\" data-widget_type=\"text-editor.default\">\n\t\t\t\t<div class=\"elementor-widget-container\">\n\t\t\t\t\t\t\t\t\t<p>He is passionate about leadership, business strategy and corporate culture. Over more than three decades at the head of the company, he has helped more than 36,000 companies in more than 25 countries to have better management tools through software that adapts to any company or business.<\/p><p>At PHC, it has helped to create an ecosystem of corporate culture that enables the people who work there to feel happier, more motivated and consequently more productive. This commitment has been recognised by various entities, earning PHC a place on the list of the best companies to work for in Portugal and several awards for happiness in the workplace, management processes and best human resources practices.<\/p>\t\t\t\t\t\t\t\t<\/div>\n\t\t\t\t<\/div>\n\t\t\t\t<\/div>\n\t\t\t\t\t<\/div>\n\t\t\t\t<\/div>\n\t\t\t\t<\/div>","protected":false},"excerpt":{"rendered":"<p>Talento, For\u00e7a de Trabalho e Responsabilidade em IA (11:00H \u2013 11:40H) Ricardo Parreira CEO da multinacional portuguesa PHC Software e autor do livro \u201cGest\u00e3o descontra\u00edda, mas profissional\u201d \u00c9 apaixonado por lideran\u00e7a, estrat\u00e9gia de neg\u00f3cios e cultura empresarial. Ao longo de mais de tr\u00eas d\u00e9cadas \u00e0 frente da empresa tem contribu\u00eddo para que mais de 36 mil empresas, de mais de 25 pa\u00edses, tenham melhores ferramentas de gest\u00e3o atrav\u00e9s de software que se adapta a qualquer empresa ou neg\u00f3cio. Na PHC ajudou a criar um ecossistema de cultura empresarial que possibilita que as pessoas que nela trabalham se sintam mais felizes, motivadas e consequentemente mais produtivas. Essa aposta tem sido reconhecida por diversas entidades, valendo \u00e0 PHC a presen\u00e7a na lista das melhores empresas para trabalhar em Portugal e a rece\u00e7\u00e3o de diversos pr\u00e9mios ao n\u00edvel da felicidade no local de trabalho, dos processos de gest\u00e3o e das melhores pr\u00e1ticas de recursos humanos.<\/p>","protected":false},"author":1,"featured_media":0,"parent":0,"menu_order":0,"comment_status":"closed","ping_status":"closed","template":"","meta":{"footnotes":""},"class_list":["post-4371","page","type-page","status-publish","hentry"],"_links":{"self":[{"href":"https:\/\/aivolution.knower.pt\/en\/wp-json\/wp\/v2\/pages\/4371","targetHints":{"allow":["GET"]}}],"collection":[{"href":"https:\/\/aivolution.knower.pt\/en\/wp-json\/wp\/v2\/pages"}],"about":[{"href":"https:\/\/aivolution.knower.pt\/en\/wp-json\/wp\/v2\/types\/page"}],"author":[{"embeddable":true,"href":"https:\/\/aivolution.knower.pt\/en\/wp-json\/wp\/v2\/users\/1"}],"replies":[{"embeddable":true,"href":"https:\/\/aivolution.knower.pt\/en\/wp-json\/wp\/v2\/comments?post=4371"}],"version-history":[{"count":16,"href":"https:\/\/aivolution.knower.pt\/en\/wp-json\/wp\/v2\/pages\/4371\/revisions"}],"predecessor-version":[{"id":4688,"href":"https:\/\/aivolution.knower.pt\/en\/wp-json\/wp\/v2\/pages\/4371\/revisions\/4688"}],"wp:attachment":[{"href":"https:\/\/aivolution.knower.pt\/en\/wp-json\/wp\/v2\/media?parent=4371"}],"curies":[{"name":"wp","href":"https:\/\/api.w.org\/{rel}","templated":true}]}}